{"id":17,"date":"2024-05-24T19:00:38","date_gmt":"2024-05-24T19:00:38","guid":{"rendered":"https:\/\/cafemecanista.com\/services\/"},"modified":"2025-01-05T21:38:57","modified_gmt":"2025-01-05T21:38:57","slug":"catering-services-specialty-coffee-catering-in-montreal","status":"publish","type":"page","link":"https:\/\/cafemecanista.com\/fr\/catering-services-specialty-coffee-catering-in-montreal\/","title":{"rendered":"Services Traiteur"},"content":{"rendered":"<div class=\"wp-block-columns alignwide is-layout-flex wp-container-core-columns-is-layout-9d6595d7 wp-block-columns-is-layout-flex\">\n<div class=\"wp-block-column is-layout-flow wp-block-column-is-layout-flow\">\n<h5 class=\"wp-block-heading has-text-align-center has-custom-letterspacing\" style=\"font-style:normal;font-weight:400;letter-spacing:1.4px;font-size:30px\">BAR \u00c0 ESPRESSO<\/h5>\n\n\n\n<p class=\"has-text-align-center\" style=\"font-size:18px\">Notre bar \u00e0 espresso est le c\u0153ur de l\u2019exp\u00e9rience, servant des classiques tels que des cappuccinos, des lattes, des americanos, des cortados, et bien plus encore. Des boissons personnalis\u00e9es de saison sont disponibles sur demande.<\/p>\n<\/div>\n\n\n\n<div class=\"wp-block-column is-layout-flow wp-block-column-is-layout-flow\">\n<h5 class=\"wp-block-heading has-text-align-center has-custom-letterspacing\" style=\"font-style:normal;font-weight:400;letter-spacing:1.4px;font-size:30px\">NITRO + COLD BREW BAR <\/h5>\n\n\n\n<p class=\"has-text-align-center\" style=\"font-size:18px\">Notre bar \u00e0 cold brew est un ajout \u00e0 notre bar \u00e0 espresso. Cet ajout comprend notre Nitro caf\u00e9 infus\u00e9 \u00e0 froid, servi en f\u00fbt, ainsi que du caf\u00e9 glac\u00e9 et des lattes glac\u00e9s. Cette option offre \u00e0 vos invit\u00e9s des boissons chaudes et froides.<\/p>\n<\/div>\n\n\n\n<div class=\"wp-block-column is-layout-flow wp-block-column-is-layout-flow\">\n<h5 class=\"wp-block-heading has-text-align-center has-custom-letterspacing\" style=\"font-style:normal;font-weight:400;letter-spacing:1.4px;font-size:30px\">AFFOGATO BAR<\/h5>\n\n\n\n<p class=\"has-text-align-center\" style=\"font-size:18px\">Vous dites cr\u00e8me glac\u00e9e, nous disons espresso ! Pr\u00e9parez-vous \u00e0 vous r\u00e9galer avec une version sensationnelle du dessert. Vos invit\u00e9s peuvent plonger dans une cr\u00e8me glac\u00e9e onctueuse, surmont\u00e9e d\u2019un shot d\u2019espresso. <\/p>\n<\/div>\n<\/div>\n\n\n\n<div aria-label=\"Carousel Gallery\" class=\"wp-block-coblocks-gallery-carousel alignfull\"><div class=\"coblocks-gallery-carousel-swiper-container is-cropped coblocks-gallery has-caption-style-dark has-horizontal-gutter has-no-thumbnails\"><div class=\"has-carousel has-carousel-lrg swiper-container\" data-swiper=\"{&quot;alignCells&quot;:false,&quot;autoPlay&quot;:true,&quot;autoPlaySpeed&quot;:3000,&quot;draggable&quot;:true,&quot;freeMode&quot;:false,&quot;loop&quot;:true,&quot;navigation&quot;:false,&quot;pageDots&quot;:false,&quot;pauseHover&quot;:false,&quot;responsiveHeight&quot;:false,&quot;slidesPerView&quot;:2,&quot;thumbnails&quot;:false,&quot;uuid&quot;:&quot;12345&quot;}\" style=\"height:652px\"><div class=\"swiper-wrapper\"><div class=\"swiper-slide\"><div class=\"coblocks-gallery--item\" role=\"button\" tabindex=\"0\"><figure class=\"coblocks-gallery--figure has-margin-left-5 has-margin-left-mobile-5 has-margin-right-5 has-margin-right-mobile-5\"><img loading=\"lazy\" decoding=\"async\" width=\"768\" height=\"1024\" alt=\"\" class=\"wp-image-175\" data-id=\"175\" data-link=\"https:\/\/cafemecanista.com\/services\/img_3443\/\" src=\"https:\/\/cafemecanista.com\/wp-content\/uploads\/2024\/10\/IMG_3443-768x1024.jpeg\" srcset=\"https:\/\/cafemecanista.com\/wp-content\/uploads\/2024\/10\/IMG_3443-768x1024.jpeg 768w, https:\/\/cafemecanista.com\/wp-content\/uploads\/2024\/10\/IMG_3443-225x300.jpeg 225w, https:\/\/cafemecanista.com\/wp-content\/uploads\/2024\/10\/IMG_3443-1152x1536.jpeg 1152w, https:\/\/cafemecanista.com\/wp-content\/uploads\/2024\/10\/IMG_3443-600x800.jpeg 600w, https:\/\/cafemecanista.com\/wp-content\/uploads\/2024\/10\/IMG_3443.jpeg 1536w\" sizes=\"auto, (max-width: 768px) 100vw, 768px\" \/><\/figure><figcaption class=\"coblocks-gallery--caption coblocks-gallery--primary-caption\"><\/figcaption><\/div><\/div><div class=\"swiper-slide\"><div class=\"coblocks-gallery--item\" role=\"button\" tabindex=\"1\"><figure class=\"coblocks-gallery--figure has-margin-left-5 has-margin-left-mobile-5 has-margin-right-5 has-margin-right-mobile-5\"><img loading=\"lazy\" decoding=\"async\" width=\"1024\" height=\"731\" alt=\"\" class=\"wp-image-258\" data-id=\"258\" data-link=\"https:\/\/cafemecanista.com\/services\/img_6829\/\" src=\"https:\/\/cafemecanista.com\/wp-content\/uploads\/2024\/10\/IMG_6829-1024x731.jpg\" srcset=\"https:\/\/cafemecanista.com\/wp-content\/uploads\/2024\/10\/IMG_6829-1024x731.jpg 1024w, https:\/\/cafemecanista.com\/wp-content\/uploads\/2024\/10\/IMG_6829-300x214.jpg 300w, https:\/\/cafemecanista.com\/wp-content\/uploads\/2024\/10\/IMG_6829-768x549.jpg 768w, https:\/\/cafemecanista.com\/wp-content\/uploads\/2024\/10\/IMG_6829-1536x1097.jpg 1536w, https:\/\/cafemecanista.com\/wp-content\/uploads\/2024\/10\/IMG_6829-2048x1463.jpg 2048w, https:\/\/cafemecanista.com\/wp-content\/uploads\/2024\/10\/IMG_6829-18x12.jpg 18w, https:\/\/cafemecanista.com\/wp-content\/uploads\/2024\/10\/IMG_6829-600x429.jpg 600w\" sizes=\"auto, (max-width: 1024px) 100vw, 1024px\" \/><\/figure><figcaption class=\"coblocks-gallery--caption coblocks-gallery--primary-caption\"><\/figcaption><\/div><\/div><div class=\"swiper-slide\"><div class=\"coblocks-gallery--item\" role=\"button\" tabindex=\"2\"><figure class=\"coblocks-gallery--figure has-margin-left-5 has-margin-left-mobile-5 has-margin-right-5 has-margin-right-mobile-5\"><img loading=\"lazy\" decoding=\"async\" width=\"768\" height=\"1024\" alt=\"\" class=\"wp-image-180\" data-id=\"180\" data-link=\"https:\/\/cafemecanista.com\/services\/img_4147\/\" src=\"https:\/\/cafemecanista.com\/wp-content\/uploads\/2024\/10\/IMG_4147-768x1024.jpg\" srcset=\"https:\/\/cafemecanista.com\/wp-content\/uploads\/2024\/10\/IMG_4147-768x1024.jpg 768w, https:\/\/cafemecanista.com\/wp-content\/uploads\/2024\/10\/IMG_4147-225x300.jpg 225w, https:\/\/cafemecanista.com\/wp-content\/uploads\/2024\/10\/IMG_4147-1152x1536.jpg 1152w, https:\/\/cafemecanista.com\/wp-content\/uploads\/2024\/10\/IMG_4147-1536x2048.jpg 1536w, https:\/\/cafemecanista.com\/wp-content\/uploads\/2024\/10\/IMG_4147-600x800.jpg 600w, https:\/\/cafemecanista.com\/wp-content\/uploads\/2024\/10\/IMG_4147-scaled.jpg 1920w\" sizes=\"auto, (max-width: 768px) 100vw, 768px\" \/><\/figure><figcaption class=\"coblocks-gallery--caption coblocks-gallery--primary-caption\"><\/figcaption><\/div><\/div><div class=\"swiper-slide\"><div class=\"coblocks-gallery--item\" role=\"button\" tabindex=\"3\"><figure class=\"coblocks-gallery--figure has-margin-left-5 has-margin-left-mobile-5 has-margin-right-5 has-margin-right-mobile-5\"><img loading=\"lazy\" decoding=\"async\" width=\"768\" height=\"1024\" alt=\"\" class=\"wp-image-103\" data-id=\"103\" data-link=\"https:\/\/cafemecanista.com\/home\/img_4882-1\/\" src=\"https:\/\/cafemecanista.com\/wp-content\/uploads\/2024\/09\/IMG_4882-1-768x1024.jpeg\" srcset=\"https:\/\/cafemecanista.com\/wp-content\/uploads\/2024\/09\/IMG_4882-1-768x1024.jpeg 768w, https:\/\/cafemecanista.com\/wp-content\/uploads\/2024\/09\/IMG_4882-1-225x300.jpeg 225w, https:\/\/cafemecanista.com\/wp-content\/uploads\/2024\/09\/IMG_4882-1-1152x1536.jpeg 1152w, https:\/\/cafemecanista.com\/wp-content\/uploads\/2024\/09\/IMG_4882-1-600x800.jpeg 600w, https:\/\/cafemecanista.com\/wp-content\/uploads\/2024\/09\/IMG_4882-1.jpeg 1536w\" sizes=\"auto, (max-width: 768px) 100vw, 768px\" \/><\/figure><figcaption class=\"coblocks-gallery--caption coblocks-gallery--primary-caption\"><\/figcaption><\/div><\/div><div class=\"swiper-slide\"><div class=\"coblocks-gallery--item\" role=\"button\" tabindex=\"4\"><figure class=\"coblocks-gallery--figure has-margin-left-5 has-margin-left-mobile-5 has-margin-right-5 has-margin-right-mobile-5\"><img loading=\"lazy\" decoding=\"async\" width=\"768\" height=\"1024\" alt=\"\" class=\"wp-image-178\" data-id=\"178\" data-link=\"https:\/\/cafemecanista.com\/services\/img_4125\/\" src=\"https:\/\/cafemecanista.com\/wp-content\/uploads\/2024\/10\/IMG_4125-768x1024.jpg\" srcset=\"https:\/\/cafemecanista.com\/wp-content\/uploads\/2024\/10\/IMG_4125-768x1024.jpg 768w, https:\/\/cafemecanista.com\/wp-content\/uploads\/2024\/10\/IMG_4125-225x300.jpg 225w, https:\/\/cafemecanista.com\/wp-content\/uploads\/2024\/10\/IMG_4125-1152x1536.jpg 1152w, https:\/\/cafemecanista.com\/wp-content\/uploads\/2024\/10\/IMG_4125-1536x2048.jpg 1536w, https:\/\/cafemecanista.com\/wp-content\/uploads\/2024\/10\/IMG_4125-600x800.jpg 600w, https:\/\/cafemecanista.com\/wp-content\/uploads\/2024\/10\/IMG_4125-scaled.jpg 1920w\" sizes=\"auto, (max-width: 768px) 100vw, 768px\" \/><\/figure><figcaption class=\"coblocks-gallery--caption coblocks-gallery--primary-caption\"><\/figcaption><\/div><\/div><\/div><\/div><\/div><\/div>\n\n\n\n<h5 class=\"wp-block-heading has-text-align-center has-huge-font-size\" style=\"font-style:normal;font-weight:400\">FAQ <\/h5>\n\n\n\n<div class=\"wp-block-coblocks-accordion\">\n<div class=\"wp-block-coblocks-accordion-item\"><details><summary class=\"wp-block-coblocks-accordion-item__title\">Quel type de grains de caf\u00e9 servez-vous ?<\/summary><div class=\"wp-block-coblocks-accordion-item__content\">\n<p>Nous servons du caf\u00e9 frais, torr\u00e9fi\u00e9 ici m\u00eame \u00e0 Montr\u00e9al, au Qu\u00e9bec. Notre priorit\u00e9 est la qualit\u00e9, en veillant \u00e0 ce que chaque tasse refl\u00e8te les riches saveurs de notre communaut\u00e9.<\/p>\n<\/div><\/details><\/div>\n\n\n\n<div class=\"wp-block-coblocks-accordion-item\"><details><summary class=\"wp-block-coblocks-accordion-item__title\">Quelles options de lait proposez-vous ?<\/summary><div class=\"wp-block-coblocks-accordion-item__content\">\n<p>Nous offrons du lait Henrietta \u00e0 3,8 % comme notre alternative standard, connu pour sa texture cr\u00e9meuse et sa saveur d\u00e9licieusement riche. De plus, nous incluons toujours du lait d'avoine biologique Minor Figures, garantissant qu'il y en a pour tous les go\u00fbts.<\/p>\n<\/div><\/details><\/div>\n\n\n\n<div class=\"wp-block-coblocks-accordion-item\"><details><summary class=\"wp-block-coblocks-accordion-item__title\">Pouvons-nous profiter de boissons illimit\u00e9es lors de notre \u00e9v\u00e9nement ?<\/summary><div class=\"wp-block-coblocks-accordion-item__content\">\n<p>Oui ! Notre installation permet des boissons illimit\u00e9es de 8 oz, garantissant que vos invit\u00e9s peuvent se r\u00e9galer autant de caf\u00e9 qu'ils le souhaitent, avec l'aide de nos baristas enthousiastes.<\/p>\n<\/div><\/details><\/div>\n\n\n\n<div class=\"wp-block-coblocks-accordion-item\"><details><summary class=\"wp-block-coblocks-accordion-item__title\">Quels sont vos besoins en \u00e9lectricit\u00e9 et en espace ?<\/summary><div class=\"wp-block-coblocks-accordion-item__content\">\n<p>Nous avons besoin d'un circuit de 120V 20A et d'un espace de 6'x8' pour notre bar.<\/p>\n<\/div><\/details><\/div>\n\n\n\n<div class=\"wp-block-coblocks-accordion-item\"><details><summary class=\"wp-block-coblocks-accordion-item__title\">Quelles r\u00e9gions servez-vous ?<\/summary><div class=\"wp-block-coblocks-accordion-item__content\">\n<p>Nous proposons nos services dans le Grand Montr\u00e9al et ses environs, y compris la Rive-Nord et la Rive-Sud.<\/p>\n<\/div><\/details><\/div>\n\n\n\n<div class=\"wp-block-coblocks-accordion-item\"><details><summary class=\"wp-block-coblocks-accordion-item__title\">Proposez-vous des options de personnalisation ?<\/summary><div class=\"wp-block-coblocks-accordion-item__content\">\n<p>Absolument ! Nous proposons des options de personnalisation, y compris des logos personnalis\u00e9s sur les tasses, des cadeaux de remerciement et des boissons sp\u00e9ciales.<\/p>\n<\/div><\/details><\/div>\n\n\n\n<div class=\"wp-block-coblocks-accordion-item\"><details><summary class=\"wp-block-coblocks-accordion-item__title\">Comment d\u00e9terminez-vous le prix de vos services ?<\/summary><div class=\"wp-block-coblocks-accordion-item__content\">\n<p>Nos prix sont d\u00e9termin\u00e9s par le nombre d'invit\u00e9s, le lieu de l'\u00e9v\u00e9nement, la dur\u00e9e du service et les options de boissons choisies.<\/p>\n<\/div><\/details><\/div>\n<\/div>\n\n\n\n<p><\/p>\n\n\n\n<div class=\"wp-block-group alignfull\"><div class=\"wp-block-group__inner-container is-layout-flow wp-block-group-is-layout-flow\">\n<h2 class=\"wp-block-heading has-text-align-center\">Obtenez Une Estimation Gratuite<\/h2>\n\n\n\n<div class=\"wp-block-button aligncenter\"><a class=\"wp-block-button__link wp-element-button\" href=\"https:\/\/cafemecanista.com\/fr\/contact\/\">Discutons Ensemble<\/a><\/div>\n<\/div><\/div>\n\n\n\n<p class=\"has-text-align-center\">Barista et service de caf\u00e9 mobile pour les mariages, les activations de marque et les \u00e9v\u00e9nements \u00e0 Montr\u00e9al, Qu\u00e9bec.<\/p>\n\n\n\n<p><\/p>","protected":false},"excerpt":{"rendered":"<p>ESPRESSO BAR Our espresso bar is the heart of the experience, serving expertly crafted classics like cappuccinos, lattes, americanos, cortados, and more. Seasonal custom drinks are available upon request. NITRO + COLD BREW BAR Our cold brew bar is an add on to our espresso bar. This add on includes our small batch cold brew [&hellip;]<\/p>\n","protected":false},"author":1,"featured_media":0,"parent":0,"menu_order":0,"comment_status":"closed","ping_status":"closed","template":"","meta":{"_coblocks_attr":"Anton,Arial","_coblocks_dimensions":"","_coblocks_responsive_height":"","_coblocks_accordion_ie_support":"","hide_page_title":"","footnotes":""},"class_list":["post-17","page","type-page","status-publish","hentry"],"yoast_head":"<!-- This site is optimized with the Yoast SEO plugin v27.4 - https:\/\/yoast.com\/product\/yoast-seo-wordpress\/ -->\n<title>Specialty coffee catering in Montreal Catering Services -<\/title>\n<meta name=\"description\" content=\"Specialty coffee catering in Montreal \u2013 serving delicious lattes and more from our mobile coffee bar, creating a unique experience.\" \/>\n<meta name=\"robots\" content=\"index, follow, max-snippet:-1, max-image-preview:large, max-video-preview:-1\" \/>\n<link rel=\"canonical\" href=\"https:\/\/cafemecanista.com\/fr\/catering-services-specialty-coffee-catering-in-montreal\/\" \/>\n<meta property=\"og:locale\" content=\"fr_CA\" \/>\n<meta property=\"og:type\" content=\"article\" \/>\n<meta property=\"og:title\" content=\"Specialty coffee catering in Montreal Catering Services -\" \/>\n<meta property=\"og:description\" content=\"Specialty coffee catering in Montreal \u2013 serving delicious lattes and more from our mobile coffee bar, creating a unique experience.\" \/>\n<meta property=\"og:url\" content=\"https:\/\/cafemecanista.com\/fr\/catering-services-specialty-coffee-catering-in-montreal\/\" \/>\n<meta property=\"article:publisher\" content=\"https:\/\/www.facebook.com\/people\/Caf-Mecanista\/61563442032628\/\" \/>\n<meta property=\"article:modified_time\" content=\"2025-01-05T21:38:57+00:00\" \/>\n<meta property=\"og:image\" content=\"https:\/\/cafemecanista.com\/wp-content\/uploads\/2024\/10\/IMG_3443.jpeg\" \/>\n\t<meta property=\"og:image:width\" content=\"1536\" \/>\n\t<meta property=\"og:image:height\" content=\"2048\" \/>\n\t<meta property=\"og:image:type\" content=\"image\/jpeg\" \/>\n<meta name=\"twitter:card\" content=\"summary_large_image\" \/>\n<meta name=\"twitter:label1\" content=\"Estimation du temps de lecture\" \/>\n\t<meta name=\"twitter:data1\" content=\"3 minutes\" \/>\n<script type=\"application\/ld+json\" class=\"yoast-schema-graph\">{\"@context\":\"https:\\\/\\\/schema.org\",\"@graph\":[{\"@type\":\"WebPage\",\"@id\":\"https:\\\/\\\/cafemecanista.com\\\/catering-services-specialty-coffee-catering-in-montreal\\\/\",\"url\":\"https:\\\/\\\/cafemecanista.com\\\/catering-services-specialty-coffee-catering-in-montreal\\\/\",\"name\":\"Specialty coffee catering in Montreal Catering Services -\",\"isPartOf\":{\"@id\":\"https:\\\/\\\/cafemecanista.com\\\/#website\"},\"primaryImageOfPage\":{\"@id\":\"https:\\\/\\\/cafemecanista.com\\\/catering-services-specialty-coffee-catering-in-montreal\\\/#primaryimage\"},\"image\":{\"@id\":\"https:\\\/\\\/cafemecanista.com\\\/catering-services-specialty-coffee-catering-in-montreal\\\/#primaryimage\"},\"thumbnailUrl\":\"https:\\\/\\\/cafemecanista.com\\\/wp-content\\\/uploads\\\/2024\\\/10\\\/IMG_3443-768x1024.jpeg\",\"datePublished\":\"2024-05-24T19:00:38+00:00\",\"dateModified\":\"2025-01-05T21:38:57+00:00\",\"description\":\"Specialty coffee catering in Montreal \u2013 serving delicious lattes and more from our mobile coffee bar, creating a unique experience.\",\"breadcrumb\":{\"@id\":\"https:\\\/\\\/cafemecanista.com\\\/catering-services-specialty-coffee-catering-in-montreal\\\/#breadcrumb\"},\"inLanguage\":\"fr-CA\",\"potentialAction\":[{\"@type\":\"ReadAction\",\"target\":[\"https:\\\/\\\/cafemecanista.com\\\/catering-services-specialty-coffee-catering-in-montreal\\\/\"]}]},{\"@type\":\"ImageObject\",\"inLanguage\":\"fr-CA\",\"@id\":\"https:\\\/\\\/cafemecanista.com\\\/catering-services-specialty-coffee-catering-in-montreal\\\/#primaryimage\",\"url\":\"https:\\\/\\\/cafemecanista.com\\\/wp-content\\\/uploads\\\/2024\\\/10\\\/IMG_3443-768x1024.jpeg\",\"contentUrl\":\"https:\\\/\\\/cafemecanista.com\\\/wp-content\\\/uploads\\\/2024\\\/10\\\/IMG_3443-768x1024.jpeg\"},{\"@type\":\"BreadcrumbList\",\"@id\":\"https:\\\/\\\/cafemecanista.com\\\/catering-services-specialty-coffee-catering-in-montreal\\\/#breadcrumb\",\"itemListElement\":[{\"@type\":\"ListItem\",\"position\":1,\"name\":\"Home\",\"item\":\"https:\\\/\\\/cafemecanista.com\\\/\"},{\"@type\":\"ListItem\",\"position\":2,\"name\":\"Catering Services\"}]},{\"@type\":\"WebSite\",\"@id\":\"https:\\\/\\\/cafemecanista.com\\\/#website\",\"url\":\"https:\\\/\\\/cafemecanista.com\\\/\",\"name\":\"cafemecanista\",\"description\":\"\",\"publisher\":{\"@id\":\"https:\\\/\\\/cafemecanista.com\\\/#organization\"},\"potentialAction\":[{\"@type\":\"SearchAction\",\"target\":{\"@type\":\"EntryPoint\",\"urlTemplate\":\"https:\\\/\\\/cafemecanista.com\\\/?s={search_term_string}\"},\"query-input\":{\"@type\":\"PropertyValueSpecification\",\"valueRequired\":true,\"valueName\":\"search_term_string\"}}],\"inLanguage\":\"fr-CA\"},{\"@type\":\"Organization\",\"@id\":\"https:\\\/\\\/cafemecanista.com\\\/#organization\",\"name\":\"Caf\u00e9 Mecanista\",\"url\":\"https:\\\/\\\/cafemecanista.com\\\/\",\"logo\":{\"@type\":\"ImageObject\",\"inLanguage\":\"fr-CA\",\"@id\":\"https:\\\/\\\/cafemecanista.com\\\/#\\\/schema\\\/logo\\\/image\\\/\",\"url\":\"https:\\\/\\\/cafemecanista.com\\\/wp-content\\\/uploads\\\/2024\\\/08\\\/Copy-of-MECANISTA-BUSINESS-CARDS-1-e1725052037784.png\",\"contentUrl\":\"https:\\\/\\\/cafemecanista.com\\\/wp-content\\\/uploads\\\/2024\\\/08\\\/Copy-of-MECANISTA-BUSINESS-CARDS-1-e1725052037784.png\",\"width\":2344,\"height\":660,\"caption\":\"Caf\u00e9 Mecanista\"},\"image\":{\"@id\":\"https:\\\/\\\/cafemecanista.com\\\/#\\\/schema\\\/logo\\\/image\\\/\"},\"sameAs\":[\"https:\\\/\\\/www.facebook.com\\\/people\\\/Caf-Mecanista\\\/61563442032628\\\/\",\"https:\\\/\\\/www.instagram.com\\\/cafemecanista\"]}]}<\/script>\n<!-- \/ Yoast SEO plugin. -->","yoast_head_json":{"title":"Specialty coffee catering in Montreal Catering Services -","description":"Specialty coffee catering in Montreal \u2013 serving delicious lattes and more from our mobile coffee bar, creating a unique experience.","robots":{"index":"index","follow":"follow","max-snippet":"max-snippet:-1","max-image-preview":"max-image-preview:large","max-video-preview":"max-video-preview:-1"},"canonical":"https:\/\/cafemecanista.com\/fr\/catering-services-specialty-coffee-catering-in-montreal\/","og_locale":"fr_CA","og_type":"article","og_title":"Specialty coffee catering in Montreal Catering Services -","og_description":"Specialty coffee catering in Montreal \u2013 serving delicious lattes and more from our mobile coffee bar, creating a unique experience.","og_url":"https:\/\/cafemecanista.com\/fr\/catering-services-specialty-coffee-catering-in-montreal\/","article_publisher":"https:\/\/www.facebook.com\/people\/Caf-Mecanista\/61563442032628\/","article_modified_time":"2025-01-05T21:38:57+00:00","og_image":[{"width":1536,"height":2048,"url":"https:\/\/cafemecanista.com\/wp-content\/uploads\/2024\/10\/IMG_3443.jpeg","type":"image\/jpeg"}],"twitter_card":"summary_large_image","twitter_misc":{"Estimation du temps de lecture":"3 minutes"},"schema":{"@context":"https:\/\/schema.org","@graph":[{"@type":"WebPage","@id":"https:\/\/cafemecanista.com\/catering-services-specialty-coffee-catering-in-montreal\/","url":"https:\/\/cafemecanista.com\/catering-services-specialty-coffee-catering-in-montreal\/","name":"Specialty coffee catering in Montreal Catering Services -","isPartOf":{"@id":"https:\/\/cafemecanista.com\/#website"},"primaryImageOfPage":{"@id":"https:\/\/cafemecanista.com\/catering-services-specialty-coffee-catering-in-montreal\/#primaryimage"},"image":{"@id":"https:\/\/cafemecanista.com\/catering-services-specialty-coffee-catering-in-montreal\/#primaryimage"},"thumbnailUrl":"https:\/\/cafemecanista.com\/wp-content\/uploads\/2024\/10\/IMG_3443-768x1024.jpeg","datePublished":"2024-05-24T19:00:38+00:00","dateModified":"2025-01-05T21:38:57+00:00","description":"Specialty coffee catering in Montreal \u2013 serving delicious lattes and more from our mobile coffee bar, creating a unique experience.","breadcrumb":{"@id":"https:\/\/cafemecanista.com\/catering-services-specialty-coffee-catering-in-montreal\/#breadcrumb"},"inLanguage":"fr-CA","potentialAction":[{"@type":"ReadAction","target":["https:\/\/cafemecanista.com\/catering-services-specialty-coffee-catering-in-montreal\/"]}]},{"@type":"ImageObject","inLanguage":"fr-CA","@id":"https:\/\/cafemecanista.com\/catering-services-specialty-coffee-catering-in-montreal\/#primaryimage","url":"https:\/\/cafemecanista.com\/wp-content\/uploads\/2024\/10\/IMG_3443-768x1024.jpeg","contentUrl":"https:\/\/cafemecanista.com\/wp-content\/uploads\/2024\/10\/IMG_3443-768x1024.jpeg"},{"@type":"BreadcrumbList","@id":"https:\/\/cafemecanista.com\/catering-services-specialty-coffee-catering-in-montreal\/#breadcrumb","itemListElement":[{"@type":"ListItem","position":1,"name":"Home","item":"https:\/\/cafemecanista.com\/"},{"@type":"ListItem","position":2,"name":"Catering Services"}]},{"@type":"WebSite","@id":"https:\/\/cafemecanista.com\/#website","url":"https:\/\/cafemecanista.com\/","name":"cafemecanista","description":"","publisher":{"@id":"https:\/\/cafemecanista.com\/#organization"},"potentialAction":[{"@type":"SearchAction","target":{"@type":"EntryPoint","urlTemplate":"https:\/\/cafemecanista.com\/?s={search_term_string}"},"query-input":{"@type":"PropertyValueSpecification","valueRequired":true,"valueName":"search_term_string"}}],"inLanguage":"fr-CA"},{"@type":"Organization","@id":"https:\/\/cafemecanista.com\/#organization","name":"Caf\u00e9 Mecanista","url":"https:\/\/cafemecanista.com\/","logo":{"@type":"ImageObject","inLanguage":"fr-CA","@id":"https:\/\/cafemecanista.com\/#\/schema\/logo\/image\/","url":"https:\/\/cafemecanista.com\/wp-content\/uploads\/2024\/08\/Copy-of-MECANISTA-BUSINESS-CARDS-1-e1725052037784.png","contentUrl":"https:\/\/cafemecanista.com\/wp-content\/uploads\/2024\/08\/Copy-of-MECANISTA-BUSINESS-CARDS-1-e1725052037784.png","width":2344,"height":660,"caption":"Caf\u00e9 Mecanista"},"image":{"@id":"https:\/\/cafemecanista.com\/#\/schema\/logo\/image\/"},"sameAs":["https:\/\/www.facebook.com\/people\/Caf-Mecanista\/61563442032628\/","https:\/\/www.instagram.com\/cafemecanista"]}]}},"_links":{"self":[{"href":"https:\/\/cafemecanista.com\/fr\/wp-json\/wp\/v2\/pages\/17","targetHints":{"allow":["GET"]}}],"collection":[{"href":"https:\/\/cafemecanista.com\/fr\/wp-json\/wp\/v2\/pages"}],"about":[{"href":"https:\/\/cafemecanista.com\/fr\/wp-json\/wp\/v2\/types\/page"}],"author":[{"embeddable":true,"href":"https:\/\/cafemecanista.com\/fr\/wp-json\/wp\/v2\/users\/1"}],"replies":[{"embeddable":true,"href":"https:\/\/cafemecanista.com\/fr\/wp-json\/wp\/v2\/comments?post=17"}],"version-history":[{"count":22,"href":"https:\/\/cafemecanista.com\/fr\/wp-json\/wp\/v2\/pages\/17\/revisions"}],"predecessor-version":[{"id":333,"href":"https:\/\/cafemecanista.com\/fr\/wp-json\/wp\/v2\/pages\/17\/revisions\/333"}],"wp:attachment":[{"href":"https:\/\/cafemecanista.com\/fr\/wp-json\/wp\/v2\/media?parent=17"}],"curies":[{"name":"wp","href":"https:\/\/api.w.org\/{rel}","templated":true}]}}