{"id":14,"date":"2024-05-24T19:00:38","date_gmt":"2024-05-24T19:00:38","guid":{"rendered":"https:\/\/cafemecanista.com\/home\/"},"modified":"2025-01-07T17:16:11","modified_gmt":"2025-01-07T17:16:11","slug":"home","status":"publish","type":"page","link":"https:\/\/cafemecanista.com\/fr\/","title":{"rendered":"Bienvenue"},"content":{"rendered":"<p class=\"has-text-align-center has-anton-font-family has-custom-font has-custom-lineheight has-custom-letterspacing\" style=\"padding-top:var(--wp--preset--spacing--80);padding-bottom:var(--wp--preset--spacing--80);font-family:Anton;line-height:1.32;letter-spacing:1px;font-size:27px\">Traiteur de caf\u00e9 sp\u00e9cialis\u00e9 pour \u00e9v\u00e9nements \u00e0 Montr\u00e9al. <br><br>Caf\u00e9 Mecanista vous offre des boissons artisanales  pour votre \u00e9v\u00e9nement\u2014r\u00e9servez d\u00e8s aujourd'hui pour cr\u00e9er une exp\u00e9rience caf\u00e9 inoubliable!<\/p>\n\n\n\n<div class=\"wp-block-buttons is-content-justification-center is-layout-flex wp-container-core-buttons-is-layout-16018d1d wp-block-buttons-is-layout-flex\">\n<div class=\"wp-block-button\"><a class=\"wp-block-button__link wp-element-button\" href=\"https:\/\/cafemecanista.com\/fr\/catering-services-specialty-coffee-catering-in-montreal\/\">sERVICES<\/a><\/div>\n<\/div>\n\n\n\n<div class=\"wp-block-group alignfull\"><div class=\"wp-block-group__inner-container is-layout-constrained wp-block-group-is-layout-constrained\"><\/div><\/div>\n\n\n\n<div aria-label=\"Carousel Gallery\" class=\"wp-block-coblocks-gallery-carousel alignfull coblocks-animate\" data-coblocks-animation=\"fadeIn\"><div class=\"coblocks-gallery-carousel-swiper-container is-cropped coblocks-gallery has-caption-style-dark has-horizontal-gutter has-no-thumbnails\"><div class=\"has-carousel has-carousel-lrg swiper-container\" data-swiper=\"{&quot;alignCells&quot;:false,&quot;autoPlay&quot;:true,&quot;autoPlaySpeed&quot;:3000,&quot;draggable&quot;:true,&quot;freeMode&quot;:false,&quot;loop&quot;:true,&quot;navigation&quot;:false,&quot;pageDots&quot;:false,&quot;pauseHover&quot;:false,&quot;responsiveHeight&quot;:false,&quot;slidesPerView&quot;:2,&quot;thumbnails&quot;:false,&quot;uuid&quot;:&quot;12345&quot;}\" style=\"height:500px\"><div class=\"swiper-wrapper\"><div class=\"swiper-slide\"><div class=\"coblocks-gallery--item\" role=\"button\" tabindex=\"0\"><figure class=\"coblocks-gallery--figure has-margin-left-5 has-margin-left-mobile-5 has-margin-right-5 has-margin-right-mobile-5\"><img loading=\"lazy\" decoding=\"async\" width=\"768\" height=\"1024\" alt=\"\" class=\"wp-image-348\" data-id=\"348\" data-link=\"https:\/\/cafemecanista.com\/home\/img_7173\/\" src=\"https:\/\/cafemecanista.com\/wp-content\/uploads\/2025\/01\/IMG_7173-768x1024.jpeg\" srcset=\"https:\/\/cafemecanista.com\/wp-content\/uploads\/2025\/01\/IMG_7173-768x1024.jpeg 768w, https:\/\/cafemecanista.com\/wp-content\/uploads\/2025\/01\/IMG_7173-225x300.jpeg 225w, https:\/\/cafemecanista.com\/wp-content\/uploads\/2025\/01\/IMG_7173-1152x1536.jpeg 1152w, https:\/\/cafemecanista.com\/wp-content\/uploads\/2025\/01\/IMG_7173-9x12.jpeg 9w, https:\/\/cafemecanista.com\/wp-content\/uploads\/2025\/01\/IMG_7173-600x800.jpeg 600w, https:\/\/cafemecanista.com\/wp-content\/uploads\/2025\/01\/IMG_7173.jpeg 1536w\" sizes=\"auto, (max-width: 768px) 100vw, 768px\" \/><\/figure><figcaption class=\"coblocks-gallery--caption coblocks-gallery--primary-caption\"><\/figcaption><\/div><\/div><div class=\"swiper-slide\"><div class=\"coblocks-gallery--item\" role=\"button\" tabindex=\"1\"><figure class=\"coblocks-gallery--figure has-margin-left-5 has-margin-left-mobile-5 has-margin-right-5 has-margin-right-mobile-5\"><img loading=\"lazy\" decoding=\"async\" width=\"768\" height=\"1024\" alt=\"\" class=\"wp-image-100\" data-id=\"100\" data-link=\"https:\/\/cafemecanista.com\/home\/img_5390\/\" src=\"https:\/\/cafemecanista.com\/wp-content\/uploads\/2024\/09\/IMG_5390-768x1024.jpeg\" srcset=\"https:\/\/cafemecanista.com\/wp-content\/uploads\/2024\/09\/IMG_5390-768x1024.jpeg 768w, https:\/\/cafemecanista.com\/wp-content\/uploads\/2024\/09\/IMG_5390-225x300.jpeg 225w, https:\/\/cafemecanista.com\/wp-content\/uploads\/2024\/09\/IMG_5390-1152x1536.jpeg 1152w, https:\/\/cafemecanista.com\/wp-content\/uploads\/2024\/09\/IMG_5390-600x800.jpeg 600w, https:\/\/cafemecanista.com\/wp-content\/uploads\/2024\/09\/IMG_5390.jpeg 1536w\" sizes=\"auto, (max-width: 768px) 100vw, 768px\" \/><\/figure><figcaption class=\"coblocks-gallery--caption coblocks-gallery--primary-caption\"><\/figcaption><\/div><\/div><div class=\"swiper-slide\"><div class=\"coblocks-gallery--item\" role=\"button\" tabindex=\"2\"><figure class=\"coblocks-gallery--figure has-margin-left-5 has-margin-left-mobile-5 has-margin-right-5 has-margin-right-mobile-5\"><img loading=\"lazy\" decoding=\"async\" width=\"768\" height=\"1024\" alt=\"\" class=\"wp-image-103\" data-id=\"103\" data-link=\"https:\/\/cafemecanista.com\/home\/img_4882-1\/\" src=\"https:\/\/cafemecanista.com\/wp-content\/uploads\/2024\/09\/IMG_4882-1-768x1024.jpeg\" srcset=\"https:\/\/cafemecanista.com\/wp-content\/uploads\/2024\/09\/IMG_4882-1-768x1024.jpeg 768w, https:\/\/cafemecanista.com\/wp-content\/uploads\/2024\/09\/IMG_4882-1-225x300.jpeg 225w, https:\/\/cafemecanista.com\/wp-content\/uploads\/2024\/09\/IMG_4882-1-1152x1536.jpeg 1152w, https:\/\/cafemecanista.com\/wp-content\/uploads\/2024\/09\/IMG_4882-1-600x800.jpeg 600w, https:\/\/cafemecanista.com\/wp-content\/uploads\/2024\/09\/IMG_4882-1.jpeg 1536w\" sizes=\"auto, (max-width: 768px) 100vw, 768px\" \/><\/figure><figcaption class=\"coblocks-gallery--caption coblocks-gallery--primary-caption\"><\/figcaption><\/div><\/div><div class=\"swiper-slide\"><div class=\"coblocks-gallery--item\" role=\"button\" tabindex=\"3\"><figure class=\"coblocks-gallery--figure has-margin-left-5 has-margin-left-mobile-5 has-margin-right-5 has-margin-right-mobile-5\"><img loading=\"lazy\" decoding=\"async\" width=\"768\" height=\"1024\" alt=\"\" class=\"wp-image-98\" data-id=\"98\" data-link=\"https:\/\/cafemecanista.com\/home\/img_5112-2\/\" src=\"https:\/\/cafemecanista.com\/wp-content\/uploads\/2024\/09\/IMG_5112-1-768x1024.jpeg\" srcset=\"https:\/\/cafemecanista.com\/wp-content\/uploads\/2024\/09\/IMG_5112-1-768x1024.jpeg 768w, https:\/\/cafemecanista.com\/wp-content\/uploads\/2024\/09\/IMG_5112-1-225x300.jpeg 225w, https:\/\/cafemecanista.com\/wp-content\/uploads\/2024\/09\/IMG_5112-1-1152x1536.jpeg 1152w, https:\/\/cafemecanista.com\/wp-content\/uploads\/2024\/09\/IMG_5112-1-600x800.jpeg 600w, https:\/\/cafemecanista.com\/wp-content\/uploads\/2024\/09\/IMG_5112-1.jpeg 1536w\" sizes=\"auto, (max-width: 768px) 100vw, 768px\" \/><\/figure><figcaption class=\"coblocks-gallery--caption coblocks-gallery--primary-caption\"><\/figcaption><\/div><\/div><div class=\"swiper-slide\"><div class=\"coblocks-gallery--item\" role=\"button\" tabindex=\"4\"><figure class=\"coblocks-gallery--figure has-margin-left-5 has-margin-left-mobile-5 has-margin-right-5 has-margin-right-mobile-5\"><img loading=\"lazy\" decoding=\"async\" width=\"1024\" height=\"768\" alt=\"\" class=\"wp-image-256\" data-id=\"256\" data-link=\"https:\/\/cafemecanista.com\/home\/img_6965\/\" src=\"https:\/\/cafemecanista.com\/wp-content\/uploads\/2024\/10\/IMG_6965-1024x768.jpg\" srcset=\"https:\/\/cafemecanista.com\/wp-content\/uploads\/2024\/10\/IMG_6965-1024x768.jpg 1024w, https:\/\/cafemecanista.com\/wp-content\/uploads\/2024\/10\/IMG_6965-300x225.jpg 300w, https:\/\/cafemecanista.com\/wp-content\/uploads\/2024\/10\/IMG_6965-768x576.jpg 768w, https:\/\/cafemecanista.com\/wp-content\/uploads\/2024\/10\/IMG_6965-1536x1152.jpg 1536w, https:\/\/cafemecanista.com\/wp-content\/uploads\/2024\/10\/IMG_6965-2048x1536.jpg 2048w, https:\/\/cafemecanista.com\/wp-content\/uploads\/2024\/10\/IMG_6965-16x12.jpg 16w, https:\/\/cafemecanista.com\/wp-content\/uploads\/2024\/10\/IMG_6965-600x450.jpg 600w\" sizes=\"auto, (max-width: 1024px) 100vw, 1024px\" \/><\/figure><figcaption class=\"coblocks-gallery--caption coblocks-gallery--primary-caption\"><\/figcaption><\/div><\/div><div class=\"swiper-slide\"><div class=\"coblocks-gallery--item\" role=\"button\" tabindex=\"5\"><figure class=\"coblocks-gallery--figure has-margin-left-5 has-margin-left-mobile-5 has-margin-right-5 has-margin-right-mobile-5\"><img loading=\"lazy\" decoding=\"async\" width=\"768\" height=\"1024\" alt=\"\" class=\"wp-image-102\" data-id=\"102\" data-link=\"https:\/\/cafemecanista.com\/home\/img_4888-1\/\" src=\"https:\/\/cafemecanista.com\/wp-content\/uploads\/2024\/09\/IMG_4888-1-1-768x1024.jpeg\" srcset=\"https:\/\/cafemecanista.com\/wp-content\/uploads\/2024\/09\/IMG_4888-1-1-768x1024.jpeg 768w, https:\/\/cafemecanista.com\/wp-content\/uploads\/2024\/09\/IMG_4888-1-1-225x300.jpeg 225w, https:\/\/cafemecanista.com\/wp-content\/uploads\/2024\/09\/IMG_4888-1-1-1152x1536.jpeg 1152w, https:\/\/cafemecanista.com\/wp-content\/uploads\/2024\/09\/IMG_4888-1-1-600x800.jpeg 600w, https:\/\/cafemecanista.com\/wp-content\/uploads\/2024\/09\/IMG_4888-1-1.jpeg 1536w\" sizes=\"auto, (max-width: 768px) 100vw, 768px\" \/><\/figure><figcaption class=\"coblocks-gallery--caption coblocks-gallery--primary-caption\"><\/figcaption><\/div><\/div><div class=\"swiper-slide\"><div class=\"coblocks-gallery--item\" role=\"button\" tabindex=\"6\"><figure class=\"coblocks-gallery--figure has-margin-left-5 has-margin-left-mobile-5 has-margin-right-5 has-margin-right-mobile-5\"><img loading=\"lazy\" decoding=\"async\" width=\"1019\" height=\"1024\" alt=\"\" class=\"wp-image-101\" data-id=\"101\" data-link=\"https:\/\/cafemecanista.com\/home\/img_5473\/\" src=\"https:\/\/cafemecanista.com\/wp-content\/uploads\/2024\/09\/IMG_5473-1019x1024.jpeg\" srcset=\"https:\/\/cafemecanista.com\/wp-content\/uploads\/2024\/09\/IMG_5473-1019x1024.jpeg 1019w, https:\/\/cafemecanista.com\/wp-content\/uploads\/2024\/09\/IMG_5473-298x300.jpeg 298w, https:\/\/cafemecanista.com\/wp-content\/uploads\/2024\/09\/IMG_5473-150x150.jpeg 150w, https:\/\/cafemecanista.com\/wp-content\/uploads\/2024\/09\/IMG_5473-768x772.jpeg 768w, https:\/\/cafemecanista.com\/wp-content\/uploads\/2024\/09\/IMG_5473-1528x1536.jpeg 1528w, https:\/\/cafemecanista.com\/wp-content\/uploads\/2024\/09\/IMG_5473-300x300.jpeg 300w, https:\/\/cafemecanista.com\/wp-content\/uploads\/2024\/09\/IMG_5473-600x603.jpeg 600w, https:\/\/cafemecanista.com\/wp-content\/uploads\/2024\/09\/IMG_5473-100x100.jpeg 100w, https:\/\/cafemecanista.com\/wp-content\/uploads\/2024\/09\/IMG_5473.jpeg 1536w\" sizes=\"auto, (max-width: 1019px) 100vw, 1019px\" \/><\/figure><figcaption class=\"coblocks-gallery--caption coblocks-gallery--primary-caption\"><\/figcaption><\/div><\/div><div class=\"swiper-slide\"><div class=\"coblocks-gallery--item\" role=\"button\" tabindex=\"7\"><figure class=\"coblocks-gallery--figure has-margin-left-5 has-margin-left-mobile-5 has-margin-right-5 has-margin-right-mobile-5\"><img loading=\"lazy\" decoding=\"async\" width=\"1024\" height=\"1024\" alt=\"\" class=\"wp-image-97\" data-id=\"97\" data-link=\"https:\/\/cafemecanista.com\/home\/untitled-design-png\/\" src=\"https:\/\/cafemecanista.com\/wp-content\/uploads\/2024\/09\/Untitled-design.png-1024x1024.png\" srcset=\"https:\/\/cafemecanista.com\/wp-content\/uploads\/2024\/09\/Untitled-design.png-1024x1024.png 1024w, https:\/\/cafemecanista.com\/wp-content\/uploads\/2024\/09\/Untitled-design.png-300x300.png 300w, https:\/\/cafemecanista.com\/wp-content\/uploads\/2024\/09\/Untitled-design.png-150x150.png 150w, https:\/\/cafemecanista.com\/wp-content\/uploads\/2024\/09\/Untitled-design.png-768x768.png 768w, https:\/\/cafemecanista.com\/wp-content\/uploads\/2024\/09\/Untitled-design.png-1536x1536.png 1536w, https:\/\/cafemecanista.com\/wp-content\/uploads\/2024\/09\/Untitled-design.png-2048x2048.png 2048w, https:\/\/cafemecanista.com\/wp-content\/uploads\/2024\/09\/Untitled-design.png-600x600.png 600w, https:\/\/cafemecanista.com\/wp-content\/uploads\/2024\/09\/Untitled-design.png-100x100.png 100w\" sizes=\"auto, (max-width: 1024px) 100vw, 1024px\" \/><\/figure><figcaption class=\"coblocks-gallery--caption coblocks-gallery--primary-caption\"><\/figcaption><\/div><\/div><\/div><\/div><\/div><\/div>\n\n\n\n<div class=\"wp-block-columns alignwide is-layout-flex wp-container-core-columns-is-layout-9d6595d7 wp-block-columns-is-layout-flex\">\n<div class=\"wp-block-column is-layout-flow wp-block-column-is-layout-flow\">\n<h5 class=\"wp-block-heading has-text-align-center has-custom-lineheight\" style=\"font-style:normal;font-weight:400;line-height:2;font-size:30px\">Traiteur de caf\u00e9 sp\u00e9cialis\u00e9<\/h5>\n\n\n\n<p class=\"has-text-align-center has-inter-font-family has-custom-font\" style=\"font-family:inter;font-size:18px\">Bienvenue chez Caf\u00e9 Mecanista, le bar \u00e0 caf\u00e9 mobile de Montr\u00e9al, sp\u00e9cialis\u00e9 dans la prestation de caf\u00e9 exceptionnel pour les mariages, \u00e9v\u00e9nements priv\u00e9s et activations de marques. Nos baristas talentueux servent des caf\u00e9s de haute qualit\u00e9 \u00e0 volont\u00e9, du nitro cold brew rafra\u00eechissant, ainsi que des sirops maison signatures, garantissant une exp\u00e9rience caf\u00e9 m\u00e9morable pour chaque invit\u00e9. Offrez \u00e0 vos invit\u00e9s des lattes, cappuccinos et une vari\u00e9t\u00e9 de boissons sp\u00e9cialis\u00e9es, toutes pr\u00e9par\u00e9es avec soin depuis notre \u00e9l\u00e9gant bar \u00e0 espresso mobile.<\/p>\n<\/div>\n<\/div>\n\n\n\n<div class=\"wp-block-columns alignwide is-layout-flex wp-container-core-columns-is-layout-9d6595d7 wp-block-columns-is-layout-flex\">\n<div class=\"wp-block-column is-layout-flow wp-block-column-is-layout-flow\">\n<p class=\"has-text-align-center has-custom-lineheight has-custom-letterspacing\" style=\"line-height:1.67;letter-spacing:0.4px;font-size:21px\"><\/p>\n\n\n\n<blockquote class=\"wp-block-quote has-text-align-center is-layout-flow wp-block-quote-is-layout-flow\">\n<div class=\"wp-block-coblocks-accordion\">\n<div class=\"wp-block-coblocks-accordion-item\" style=\"font-size:15px\"><details><summary class=\"wp-block-coblocks-accordion-item__title\">\u00c0 Propos De Nous<\/summary><div class=\"wp-block-coblocks-accordion-item__content\">\n<p class=\"has-inter-font-family has-custom-font\" style=\"font-style:normal;font-weight:400;font-family:inter;font-size:20px\">Nous sommes Bianca et James, les fondateurs de Caf\u00e9 Mecanista, le bar \u00e0 caf\u00e9 mobile de Montr\u00e9al. Apr\u00e8s des ann\u00e9es de d\u00e9vouement \u00e0 perfectionner notre art, nous sommes anim\u00e9s par une passion pour offrir le meilleur caf\u00e9 de sp\u00e9cialit\u00e9 \u00e0 chaque \u00e9v\u00e9nement et emplacement. Notre objectif ? Faire de chaque tasse une exp\u00e9rience \u2014 une qui refl\u00e8te notre obsession pour la qualit\u00e9, la pr\u00e9cision et un service exceptionnel. L\u2019exp\u00e9rience de James dans le secteur de l\u2019automobile alimente nos op\u00e9rations et notre logistique fluides, tandis que l\u2019expertise en design de Bianca veille \u00e0 ce que chaque d\u00e9tail \u2014 de l\u2019esth\u00e9tique de notre bar au caf\u00e9 dans votre tasse \u2014 soit soigneusement \u00e9labor\u00e9.<\/p>\n<\/div><\/details><\/div>\n<\/div>\n\n\n\n<hr class=\"wp-block-separator has-alpha-channel-opacity\"\/>\n\n\n\n<hr class=\"wp-block-separator has-alpha-channel-opacity\"\/>\n<\/blockquote>\n<\/div>\n<\/div>\n\n\n\n<p>Traiteur de caf\u00e9 sp\u00e9cialis\u00e9 pour \u00e9v\u00e9nements \u00e0 Montr\u00e9al.<strong> <\/strong><\/p>\n\n\n\n<p><\/p>","protected":false},"excerpt":{"rendered":"<p>Specialty Coffee Catering for Events in Montreal. Caf\u00e9 Mecanista brings expertly crafted drinks to your event\u2014book us today to create an unforgettable coffee experience! Specialty Coffee Catering Welcome to Caf\u00e9 Mecanista, Montreal\u2019s mobile coffee bar, specializing in exceptional coffee catering for weddings, private events, and brand activations. Our talented baristas serve unlimited high-quality espresso drinks, [&hellip;]<\/p>\n","protected":false},"author":1,"featured_media":0,"parent":0,"menu_order":0,"comment_status":"closed","ping_status":"closed","template":"","meta":{"_coblocks_attr":"Playfair DisplayGeorgia,Helvetica,Times New Roman,Georgia,Abril Fatface,Arvo,Asap Condensed,Barlow,Cormorant Garamond,Faustina,Fira Sans,IBM Plex Sans,Inconsolata,Heebo,Karla,Lato,Lora,Merriweather,Montserrat,Noto Sans,Noto Serif,Open Sans,Playfair Display,PT Serif,Roboto,Rubik,Tajawal,Ubuntu,Yrsa,Oswald,Anton,Arial,","_coblocks_dimensions":"","_coblocks_responsive_height":"","_coblocks_accordion_ie_support":"","hide_page_title":"disabled","footnotes":""},"class_list":["post-14","page","type-page","status-publish","hentry"],"yoast_head":"<!-- This site is optimized with the Yoast SEO plugin v27.4 - https:\/\/yoast.com\/product\/yoast-seo-wordpress\/ -->\n<title>Specialty Coffee Catering for Events in Montreal. -<\/title>\n<meta name=\"description\" content=\"Specialty Coffee Catering for Events in Montreal. Book our mobile coffee bar for weddings, private events, and brand activations.\" \/>\n<meta name=\"robots\" content=\"index, follow, max-snippet:-1, max-image-preview:large, max-video-preview:-1\" \/>\n<link rel=\"canonical\" href=\"https:\/\/cafemecanista.com\/fr\/\" \/>\n<meta property=\"og:locale\" content=\"fr_CA\" \/>\n<meta property=\"og:type\" content=\"article\" \/>\n<meta property=\"og:title\" content=\"Specialty Coffee Catering for Events in Montreal. -\" \/>\n<meta property=\"og:description\" content=\"Specialty Coffee Catering for Events in Montreal. Book our mobile coffee bar for weddings, private events, and brand activations.\" \/>\n<meta property=\"og:url\" content=\"https:\/\/cafemecanista.com\/fr\/\" \/>\n<meta property=\"article:publisher\" content=\"https:\/\/www.facebook.com\/people\/Caf-Mecanista\/61563442032628\/\" \/>\n<meta property=\"article:modified_time\" content=\"2025-01-07T17:16:11+00:00\" \/>\n<meta property=\"og:image\" content=\"https:\/\/cafemecanista.com\/wp-content\/uploads\/2025\/01\/IMG_7173.jpeg\" \/>\n\t<meta property=\"og:image:width\" content=\"1536\" \/>\n\t<meta property=\"og:image:height\" content=\"2048\" \/>\n\t<meta property=\"og:image:type\" content=\"image\/jpeg\" \/>\n<meta name=\"twitter:card\" content=\"summary_large_image\" \/>\n<meta name=\"twitter:label1\" content=\"Estimation du temps de lecture\" \/>\n\t<meta name=\"twitter:data1\" content=\"3 minutes\" \/>\n<script type=\"application\/ld+json\" class=\"yoast-schema-graph\">{\"@context\":\"https:\\\/\\\/schema.org\",\"@graph\":[{\"@type\":\"WebPage\",\"@id\":\"https:\\\/\\\/cafemecanista.com\\\/\",\"url\":\"https:\\\/\\\/cafemecanista.com\\\/\",\"name\":\"Specialty Coffee Catering for Events in Montreal. -\",\"isPartOf\":{\"@id\":\"https:\\\/\\\/cafemecanista.com\\\/#website\"},\"primaryImageOfPage\":{\"@id\":\"https:\\\/\\\/cafemecanista.com\\\/#primaryimage\"},\"image\":{\"@id\":\"https:\\\/\\\/cafemecanista.com\\\/#primaryimage\"},\"thumbnailUrl\":\"https:\\\/\\\/cafemecanista.com\\\/wp-content\\\/uploads\\\/2025\\\/01\\\/IMG_7173-768x1024.jpeg\",\"datePublished\":\"2024-05-24T19:00:38+00:00\",\"dateModified\":\"2025-01-07T17:16:11+00:00\",\"description\":\"Specialty Coffee Catering for Events in Montreal. Book our mobile coffee bar for weddings, private events, and brand activations.\",\"breadcrumb\":{\"@id\":\"https:\\\/\\\/cafemecanista.com\\\/#breadcrumb\"},\"inLanguage\":\"fr-CA\",\"potentialAction\":[{\"@type\":\"ReadAction\",\"target\":[\"https:\\\/\\\/cafemecanista.com\\\/\"]}]},{\"@type\":\"ImageObject\",\"inLanguage\":\"fr-CA\",\"@id\":\"https:\\\/\\\/cafemecanista.com\\\/#primaryimage\",\"url\":\"https:\\\/\\\/cafemecanista.com\\\/wp-content\\\/uploads\\\/2025\\\/01\\\/IMG_7173-768x1024.jpeg\",\"contentUrl\":\"https:\\\/\\\/cafemecanista.com\\\/wp-content\\\/uploads\\\/2025\\\/01\\\/IMG_7173-768x1024.jpeg\"},{\"@type\":\"BreadcrumbList\",\"@id\":\"https:\\\/\\\/cafemecanista.com\\\/#breadcrumb\",\"itemListElement\":[{\"@type\":\"ListItem\",\"position\":1,\"name\":\"Home\",\"item\":\"https:\\\/\\\/cafemecanista.com\\\/\"},{\"@type\":\"ListItem\",\"position\":2,\"name\":\"Welcome\"}]},{\"@type\":\"WebSite\",\"@id\":\"https:\\\/\\\/cafemecanista.com\\\/#website\",\"url\":\"https:\\\/\\\/cafemecanista.com\\\/\",\"name\":\"cafemecanista\",\"description\":\"\",\"publisher\":{\"@id\":\"https:\\\/\\\/cafemecanista.com\\\/#organization\"},\"potentialAction\":[{\"@type\":\"SearchAction\",\"target\":{\"@type\":\"EntryPoint\",\"urlTemplate\":\"https:\\\/\\\/cafemecanista.com\\\/?s={search_term_string}\"},\"query-input\":{\"@type\":\"PropertyValueSpecification\",\"valueRequired\":true,\"valueName\":\"search_term_string\"}}],\"inLanguage\":\"fr-CA\"},{\"@type\":\"Organization\",\"@id\":\"https:\\\/\\\/cafemecanista.com\\\/#organization\",\"name\":\"Caf\u00e9 Mecanista\",\"url\":\"https:\\\/\\\/cafemecanista.com\\\/\",\"logo\":{\"@type\":\"ImageObject\",\"inLanguage\":\"fr-CA\",\"@id\":\"https:\\\/\\\/cafemecanista.com\\\/#\\\/schema\\\/logo\\\/image\\\/\",\"url\":\"https:\\\/\\\/cafemecanista.com\\\/wp-content\\\/uploads\\\/2024\\\/08\\\/Copy-of-MECANISTA-BUSINESS-CARDS-1-e1725052037784.png\",\"contentUrl\":\"https:\\\/\\\/cafemecanista.com\\\/wp-content\\\/uploads\\\/2024\\\/08\\\/Copy-of-MECANISTA-BUSINESS-CARDS-1-e1725052037784.png\",\"width\":2344,\"height\":660,\"caption\":\"Caf\u00e9 Mecanista\"},\"image\":{\"@id\":\"https:\\\/\\\/cafemecanista.com\\\/#\\\/schema\\\/logo\\\/image\\\/\"},\"sameAs\":[\"https:\\\/\\\/www.facebook.com\\\/people\\\/Caf-Mecanista\\\/61563442032628\\\/\",\"https:\\\/\\\/www.instagram.com\\\/cafemecanista\"]}]}<\/script>\n<!-- \/ Yoast SEO plugin. -->","yoast_head_json":{"title":"Specialty Coffee Catering for Events in Montreal. -","description":"Specialty Coffee Catering for Events in Montreal. Book our mobile coffee bar for weddings, private events, and brand activations.","robots":{"index":"index","follow":"follow","max-snippet":"max-snippet:-1","max-image-preview":"max-image-preview:large","max-video-preview":"max-video-preview:-1"},"canonical":"https:\/\/cafemecanista.com\/fr\/","og_locale":"fr_CA","og_type":"article","og_title":"Specialty Coffee Catering for Events in Montreal. -","og_description":"Specialty Coffee Catering for Events in Montreal. Book our mobile coffee bar for weddings, private events, and brand activations.","og_url":"https:\/\/cafemecanista.com\/fr\/","article_publisher":"https:\/\/www.facebook.com\/people\/Caf-Mecanista\/61563442032628\/","article_modified_time":"2025-01-07T17:16:11+00:00","og_image":[{"width":1536,"height":2048,"url":"https:\/\/cafemecanista.com\/wp-content\/uploads\/2025\/01\/IMG_7173.jpeg","type":"image\/jpeg"}],"twitter_card":"summary_large_image","twitter_misc":{"Estimation du temps de lecture":"3 minutes"},"schema":{"@context":"https:\/\/schema.org","@graph":[{"@type":"WebPage","@id":"https:\/\/cafemecanista.com\/","url":"https:\/\/cafemecanista.com\/","name":"Specialty Coffee Catering for Events in Montreal. -","isPartOf":{"@id":"https:\/\/cafemecanista.com\/#website"},"primaryImageOfPage":{"@id":"https:\/\/cafemecanista.com\/#primaryimage"},"image":{"@id":"https:\/\/cafemecanista.com\/#primaryimage"},"thumbnailUrl":"https:\/\/cafemecanista.com\/wp-content\/uploads\/2025\/01\/IMG_7173-768x1024.jpeg","datePublished":"2024-05-24T19:00:38+00:00","dateModified":"2025-01-07T17:16:11+00:00","description":"Specialty Coffee Catering for Events in Montreal. Book our mobile coffee bar for weddings, private events, and brand activations.","breadcrumb":{"@id":"https:\/\/cafemecanista.com\/#breadcrumb"},"inLanguage":"fr-CA","potentialAction":[{"@type":"ReadAction","target":["https:\/\/cafemecanista.com\/"]}]},{"@type":"ImageObject","inLanguage":"fr-CA","@id":"https:\/\/cafemecanista.com\/#primaryimage","url":"https:\/\/cafemecanista.com\/wp-content\/uploads\/2025\/01\/IMG_7173-768x1024.jpeg","contentUrl":"https:\/\/cafemecanista.com\/wp-content\/uploads\/2025\/01\/IMG_7173-768x1024.jpeg"},{"@type":"BreadcrumbList","@id":"https:\/\/cafemecanista.com\/#breadcrumb","itemListElement":[{"@type":"ListItem","position":1,"name":"Home","item":"https:\/\/cafemecanista.com\/"},{"@type":"ListItem","position":2,"name":"Welcome"}]},{"@type":"WebSite","@id":"https:\/\/cafemecanista.com\/#website","url":"https:\/\/cafemecanista.com\/","name":"cafemecanista","description":"","publisher":{"@id":"https:\/\/cafemecanista.com\/#organization"},"potentialAction":[{"@type":"SearchAction","target":{"@type":"EntryPoint","urlTemplate":"https:\/\/cafemecanista.com\/?s={search_term_string}"},"query-input":{"@type":"PropertyValueSpecification","valueRequired":true,"valueName":"search_term_string"}}],"inLanguage":"fr-CA"},{"@type":"Organization","@id":"https:\/\/cafemecanista.com\/#organization","name":"Caf\u00e9 Mecanista","url":"https:\/\/cafemecanista.com\/","logo":{"@type":"ImageObject","inLanguage":"fr-CA","@id":"https:\/\/cafemecanista.com\/#\/schema\/logo\/image\/","url":"https:\/\/cafemecanista.com\/wp-content\/uploads\/2024\/08\/Copy-of-MECANISTA-BUSINESS-CARDS-1-e1725052037784.png","contentUrl":"https:\/\/cafemecanista.com\/wp-content\/uploads\/2024\/08\/Copy-of-MECANISTA-BUSINESS-CARDS-1-e1725052037784.png","width":2344,"height":660,"caption":"Caf\u00e9 Mecanista"},"image":{"@id":"https:\/\/cafemecanista.com\/#\/schema\/logo\/image\/"},"sameAs":["https:\/\/www.facebook.com\/people\/Caf-Mecanista\/61563442032628\/","https:\/\/www.instagram.com\/cafemecanista"]}]}},"_links":{"self":[{"href":"https:\/\/cafemecanista.com\/fr\/wp-json\/wp\/v2\/pages\/14","targetHints":{"allow":["GET"]}}],"collection":[{"href":"https:\/\/cafemecanista.com\/fr\/wp-json\/wp\/v2\/pages"}],"about":[{"href":"https:\/\/cafemecanista.com\/fr\/wp-json\/wp\/v2\/types\/page"}],"author":[{"embeddable":true,"href":"https:\/\/cafemecanista.com\/fr\/wp-json\/wp\/v2\/users\/1"}],"replies":[{"embeddable":true,"href":"https:\/\/cafemecanista.com\/fr\/wp-json\/wp\/v2\/comments?post=14"}],"version-history":[{"count":81,"href":"https:\/\/cafemecanista.com\/fr\/wp-json\/wp\/v2\/pages\/14\/revisions"}],"predecessor-version":[{"id":351,"href":"https:\/\/cafemecanista.com\/fr\/wp-json\/wp\/v2\/pages\/14\/revisions\/351"}],"wp:attachment":[{"href":"https:\/\/cafemecanista.com\/fr\/wp-json\/wp\/v2\/media?parent=14"}],"curies":[{"name":"wp","href":"https:\/\/api.w.org\/{rel}","templated":true}]}}